{"id":4005,"date":"2023-02-19T01:59:18","date_gmt":"2023-02-19T01:59:18","guid":{"rendered":"https:\/\/tukandesigns.com\/?page_id=4005"},"modified":"2023-02-19T02:01:57","modified_gmt":"2023-02-19T02:01:57","slug":"politicas-de-envio","status":"publish","type":"page","link":"https:\/\/tukandesigns.com\/en\/politicas-de-envio\/","title":{"rendered":"Shipping Policies"},"content":{"rendered":"<div data-elementor-type=\"wp-page\" data-elementor-id=\"4005\" class=\"elementor elementor-4005\">\n\t\t\t\t\t\t<section class=\"elementor-section elementor-top-section elementor-element elementor-element-3508af4 elementor-section-height-min-height elementor-section-boxed elementor-section-height-default elementor-section-items-middle\" data-id=\"3508af4\" data-element_type=\"section\" data-e-type=\"section\" data-settings=\"{&quot;background_background&quot;:&quot;classic&quot;,&quot;ekit_has_onepagescroll_dot&quot;:&quot;yes&quot;}\">\n\t\t\t\t\t\t\t<div class=\"elementor-background-overlay\"><\/div>\n\t\t\t\t\t\t\t<div class=\"elementor-container elementor-column-gap-default\">\n\t\t\t\t\t<div class=\"elementor-column elementor-col-100 elementor-top-column elementor-element elementor-element-5482b8d\" data-id=\"5482b8d\" data-element_type=\"column\" data-e-type=\"column\">\n\t\t\t<div class=\"elementor-widget-wrap elementor-element-populated\">\n\t\t\t\t\t\t<div class=\"elementor-element elementor-element-8ce827d elementor-widget elementor-widget-heading\" data-id=\"8ce827d\" data-element_type=\"widget\" data-e-type=\"widget\" data-settings=\"{&quot;ekit_we_effect_on&quot;:&quot;none&quot;}\" data-widget_type=\"heading.default\">\n\t\t\t\t<div class=\"elementor-widget-container\">\n\t\t\t\t\t<h2 class=\"elementor-heading-title elementor-size-default\">Pol\u00edtica de Env\u00edos<\/h2>\t\t\t\t<\/div>\n\t\t\t\t<\/div>\n\t\t\t\t\t<\/div>\n\t\t<\/div>\n\t\t\t\t\t<\/div>\n\t\t<\/section>\n\t\t\t\t<section class=\"elementor-section elementor-top-section elementor-element elementor-element-441a855 elementor-section-boxed elementor-section-height-default elementor-section-height-default\" data-id=\"441a855\" data-element_type=\"section\" data-e-type=\"section\" data-settings=\"{&quot;ekit_has_onepagescroll_dot&quot;:&quot;yes&quot;}\">\n\t\t\t\t\t\t<div class=\"elementor-container elementor-column-gap-default\">\n\t\t\t\t\t<div class=\"elementor-column elementor-col-100 elementor-top-column elementor-element elementor-element-5d0dcef\" data-id=\"5d0dcef\" data-element_type=\"column\" data-e-type=\"column\">\n\t\t\t<div class=\"elementor-widget-wrap elementor-element-populated\">\n\t\t\t\t\t\t<div class=\"elementor-element elementor-element-201f3c7 elementor-widget elementor-widget-text-editor\" data-id=\"201f3c7\" data-element_type=\"widget\" data-e-type=\"widget\" data-settings=\"{&quot;ekit_we_effect_on&quot;:&quot;none&quot;}\" data-widget_type=\"text-editor.default\">\n\t\t\t\t<div class=\"elementor-widget-container\">\n\t\t\t\t\t\t\t\t\t<h2 id=\"store-name-refund-policy\"><span style=\"color: #8ad43f;\" data-sanitized-data-mce-style=\"color: #8ad43f;\">TUKAN DESIGNS Pol\u00edticas de Env\u00edos<\/span><\/h2><div data-sanitized-data-mce-fragment=\"1\" data-sanitized-data-mce-style=\"text-align: center;\">A la espera de la verificaci\u00f3n del pedido y la aprobaci\u00f3n del cr\u00e9dito, los pedidos deber\u00edan llegar como se especifica a continuaci\u00f3n. Tenga en cuenta que la fecha de entrega estimada es s\u00f3lo una estimaci\u00f3n y no est\u00e1 garantizada. La fecha de entrega estimada se mostrar\u00e1 durante el proceso de pago y se incluir\u00e1 en el correo electr\u00f3nico de confirmaci\u00f3n del pedido. Es posible que sus art\u00edculos lleguen antes de la fecha de entrega estimada.<\/div><div data-sanitized-data-mce-fragment=\"1\" data-sanitized-data-mce-style=\"text-align: center;\">\u00a0<\/div><table data-sanitized-data-mce-style=\"width: 796px;\" data-sanitized-data-mce-fragment=\"1\"><tbody data-sanitized-data-mce-fragment=\"1\"><tr data-sanitized-data-mce-fragment=\"1\" data-sanitized-data-mce-style=\"height: 16px;\"><td data-sanitized-data-mce-fragment=\"1\" data-sanitized-data-mce-style=\"height: 16px; width: 155.203px;\"><p data-sanitized-data-mce-fragment=\"1\"><strong data-sanitized-data-mce-fragment=\"1\"><span data-sanitized-data-mce-fragment=\"1\">\u00a0<\/span>GASTOS Y POL\u00cdTICA DE ENV\u00cdO<\/strong><\/p><p data-sanitized-data-mce-fragment=\"1\"><strong data-sanitized-data-mce-fragment=\"1\">Territorios de EE.UU.<\/strong><\/p><\/td><td data-sanitized-data-mce-fragment=\"1\" data-sanitized-data-mce-style=\"height: 16px; width: 200.312px; text-align: center;\"><p data-sanitized-data-mce-fragment=\"1\"><strong data-sanitized-data-mce-fragment=\"1\">B\u00e1sico<\/strong><\/p><p data-sanitized-data-mce-fragment=\"1\"><strong data-sanitized-data-mce-fragment=\"1\">Territorios de EE.UU.<\/strong><\/p><\/td><td data-sanitized-data-mce-fragment=\"1\" data-sanitized-data-mce-style=\"height: 16px; width: 198.578px; text-align: center;\"><p data-sanitized-data-mce-fragment=\"1\"><strong data-sanitized-data-mce-fragment=\"1\">Standard<\/strong><\/p><p data-sanitized-data-mce-fragment=\"1\"><strong data-sanitized-data-mce-fragment=\"1\">Territorios de EE.UU.<\/strong><\/p><\/td><td data-sanitized-data-mce-fragment=\"1\" data-sanitized-data-mce-style=\"height: 16px; width: 213.906px; text-align: center;\"><p data-sanitized-data-mce-fragment=\"1\"><strong data-sanitized-data-mce-fragment=\"1\">Express<\/strong><\/p><p data-sanitized-data-mce-fragment=\"1\"><strong data-sanitized-data-mce-fragment=\"1\">Territorios de EE.UU.<\/strong><\/p><\/td><\/tr><tr data-sanitized-data-mce-fragment=\"1\" data-sanitized-data-mce-style=\"height: 46px;\"><td data-sanitized-data-mce-fragment=\"1\" data-sanitized-data-mce-style=\"height: 46px; width: 155.203px;\"><p data-sanitized-data-mce-fragment=\"1\"><strong data-sanitized-data-mce-fragment=\"1\">FREE<\/strong>\u00a0con una compra superior a 35<\/p><p data-sanitized-data-mce-fragment=\"1\"><span data-sanitized-data-mce-fragment=\"1\">14 d\u00edas laborables<\/span><\/p><p data-sanitized-data-mce-fragment=\"1\"><span data-sanitized-data-mce-fragment=\"1\">\u00a0Todos los estados de EE.UU.<\/span><\/p><p data-sanitized-data-mce-fragment=\"1\">Entrega en apartado de correos<\/p><\/td><td data-sanitized-data-mce-fragment=\"1\" data-sanitized-data-mce-style=\"height: 46px; width: 200.312px; text-align: center;\"><p data-sanitized-data-mce-fragment=\"1\">\u00a0Tasa de 6,95<\/p><p data-sanitized-data-mce-fragment=\"1\"><span data-sanitized-data-mce-fragment=\"1\">5-9 d\u00edas laborables<\/span><\/p><p data-sanitized-data-mce-fragment=\"1\"><span data-sanitized-data-mce-fragment=\"1\">\u00a0Todos los estados de EE.UU.<\/span><\/p><p data-sanitized-data-mce-fragment=\"1\">Entrega en apartado de correos<\/p><\/td><td data-sanitized-data-mce-fragment=\"1\" data-sanitized-data-mce-style=\"height: 46px; width: 198.578px; text-align: center;\"><p data-sanitized-data-mce-fragment=\"1\">Tasa de 10 d\u00f3lares<\/p><p data-sanitized-data-mce-fragment=\"1\"><span data-sanitized-data-mce-fragment=\"1\">3-5 d\u00edas laborables\u00a0<\/span><\/p><p data-sanitized-data-mce-fragment=\"1\"><span data-sanitized-data-mce-fragment=\"1\">\u00a0Todos los estados de EE.UU.<\/span><\/p><p data-sanitized-data-mce-fragment=\"1\">Entrega en apartado de correos<\/p><\/td><td data-sanitized-data-mce-fragment=\"1\" data-sanitized-data-mce-style=\"height: 46px; width: 213.906px; text-align: center;\"><p data-sanitized-data-mce-fragment=\"1\">Tasa de 20 d\u00f3lares<\/p><p data-sanitized-data-mce-fragment=\"1\"><span data-sanitized-data-mce-fragment=\"1\">2-3 d\u00edas laborables<\/span><\/p><p data-sanitized-data-mce-fragment=\"1\"><span data-sanitized-data-mce-fragment=\"1\">\u00a0Todos los estados de EE.UU.<\/span><\/p><p data-sanitized-data-mce-fragment=\"1\">Entrega en apartado de correos<\/p><\/td><\/tr><tr data-sanitized-data-mce-fragment=\"1\" data-sanitized-data-mce-style=\"height: 139px;\"><td data-sanitized-data-mce-fragment=\"1\" data-sanitized-data-mce-style=\"height: 139px; width: 155.203px;\"><strong data-sanitized-data-mce-fragment=\"1\">D\u00edas festivos<\/strong><\/td><td data-sanitized-data-mce-fragment=\"1\" data-sanitized-data-mce-style=\"height: 139px; width: 200.312px; text-align: center;\"><strong data-sanitized-data-mce-fragment=\"1\">Tenga en cuenta que, en ocasiones, como durante las fiestas navide\u00f1as y los grandes eventos de ventas, puede haber un ligero retraso en el tiempo de procesamiento. Su negocio es importante para nosotros, y hacemos todo lo posible para procesar su pedido lo m\u00e1s r\u00e1pido posible.<\/strong><\/td><td data-sanitized-data-mce-fragment=\"1\" data-sanitized-data-mce-style=\"height: 139px; width: 198.578px; text-align: center;\"><strong data-sanitized-data-mce-fragment=\"1\">Tenga en cuenta que, en ocasiones, como durante las fiestas navide\u00f1as y los grandes eventos de ventas, puede haber un ligero retraso en el tiempo de procesamiento. Su negocio es importante para nosotros, y hacemos todo lo posible para procesar su pedido lo m\u00e1s r\u00e1pido posible.<\/strong><\/td><td data-sanitized-data-mce-fragment=\"1\" data-sanitized-data-mce-style=\"height: 139px; width: 213.906px; text-align: center;\"><p data-sanitized-data-mce-fragment=\"1\"><strong data-sanitized-data-mce-fragment=\"1\">Tenga en cuenta que, en ocasiones, como durante las fiestas navide\u00f1as y los grandes eventos de ventas, puede haber un ligero retraso en el tiempo de procesamiento. Su negocio es importante para nosotros, y hacemos todo lo posible para procesar su pedido lo m\u00e1s r\u00e1pido posible.<\/strong>\u00a0<\/p><p data-sanitized-data-mce-fragment=\"1\">\u00a0<\/p><\/td><\/tr><\/tbody><\/table>\t\t\t\t\t\t\t\t<\/div>\n\t\t\t\t<\/div>\n\t\t\t\t\t<\/div>\n\t\t<\/div>\n\t\t\t\t\t<\/div>\n\t\t<\/section>\n\t\t\t\t<\/div>","protected":false},"excerpt":{"rendered":"<p>Pol\u00edtica de Env\u00edos TUKAN DESIGNS Pol\u00edticas de Env\u00edos A la espera de la verificaci\u00f3n del pedido y la aprobaci\u00f3n del cr\u00e9dito, los pedidos deber\u00edan llegar como se especifica a continuaci\u00f3n. Tenga en cuenta que la fecha de entrega estimada es s\u00f3lo una estimaci\u00f3n y no est\u00e1 garantizada. La fecha de entrega estimada se mostrar\u00e1 durante [&hellip;]<\/p>\n","protected":false},"author":1,"featured_media":0,"parent":0,"menu_order":0,"comment_status":"closed","ping_status":"closed","template":"","meta":{"site-sidebar-layout":"no-sidebar","site-content-layout":"page-builder","ast-site-content-layout":"default","site-content-style":"default","site-sidebar-style":"default","ast-global-header-display":"","ast-banner-title-visibility":"","ast-main-header-display":"","ast-hfb-above-header-display":"","ast-hfb-below-header-display":"","ast-hfb-mobile-header-display":"","site-post-title":"disabled","ast-breadcrumbs-content":"","ast-featured-img":"disabled","footer-sml-layout":"","ast-disable-related-posts":"","theme-transparent-header-meta":"","adv-header-id-meta":"","stick-header-meta":"","header-above-stick-meta":"","header-main-stick-meta":"","header-below-stick-meta":"","astra-migrate-meta-layouts":"default","ast-page-background-enabled":"default","ast-page-background-meta":{"desktop":{"background-color":"var(--ast-global-color-4)","background-image":"","background-repeat":"repeat","background-position":"center center","background-size":"auto","background-attachment":"scroll","background-type":"","background-media":"","overlay-type":"","overlay-color":"","overlay-opacity":"","overlay-gradient":""},"tablet":{"background-color":"","background-image":"","background-repeat":"repeat","background-position":"center center","background-size":"auto","background-attachment":"scroll","background-type":"","background-media":"","overlay-type":"","overlay-color":"","overlay-opacity":"","overlay-gradient":""},"mobile":{"background-color":"","background-image":"","background-repeat":"repeat","background-position":"center center","background-size":"auto","background-attachment":"scroll","background-type":"","background-media":"","overlay-type":"","overlay-color":"","overlay-opacity":"","overlay-gradient":""}},"ast-content-background-meta":{"desktop":{"background-color":"var(--ast-global-color-5)","background-image":"","background-repeat":"repeat","background-position":"center center","background-size":"auto","background-attachment":"scroll","background-type":"","background-media":"","overlay-type":"","overlay-color":"","overlay-opacity":"","overlay-gradient":""},"tablet":{"background-color":"var(--ast-global-color-5)","background-image":"","background-repeat":"repeat","background-position":"center center","background-size":"auto","background-attachment":"scroll","background-type":"","background-media":"","overlay-type":"","overlay-color":"","overlay-opacity":"","overlay-gradient":""},"mobile":{"background-color":"var(--ast-global-color-5)","background-image":"","background-repeat":"repeat","background-position":"center center","background-size":"auto","background-attachment":"scroll","background-type":"","background-media":"","overlay-type":"","overlay-color":"","overlay-opacity":"","overlay-gradient":""}},"footnotes":""},"class_list":["post-4005","page","type-page","status-publish","hentry"],"_links":{"self":[{"href":"https:\/\/tukandesigns.com\/en\/wp-json\/wp\/v2\/pages\/4005","targetHints":{"allow":["GET"]}}],"collection":[{"href":"https:\/\/tukandesigns.com\/en\/wp-json\/wp\/v2\/pages"}],"about":[{"href":"https:\/\/tukandesigns.com\/en\/wp-json\/wp\/v2\/types\/page"}],"author":[{"embeddable":true,"href":"https:\/\/tukandesigns.com\/en\/wp-json\/wp\/v2\/users\/1"}],"replies":[{"embeddable":true,"href":"https:\/\/tukandesigns.com\/en\/wp-json\/wp\/v2\/comments?post=4005"}],"version-history":[{"count":7,"href":"https:\/\/tukandesigns.com\/en\/wp-json\/wp\/v2\/pages\/4005\/revisions"}],"predecessor-version":[{"id":4012,"href":"https:\/\/tukandesigns.com\/en\/wp-json\/wp\/v2\/pages\/4005\/revisions\/4012"}],"wp:attachment":[{"href":"https:\/\/tukandesigns.com\/en\/wp-json\/wp\/v2\/media?parent=4005"}],"curies":[{"name":"wp","href":"https:\/\/api.w.org\/{rel}","templated":true}]}}