{"id":2668,"date":"2022-09-18T02:27:28","date_gmt":"2022-09-18T02:27:28","guid":{"rendered":"https:\/\/tukandesigns.com\/?page_id=2668"},"modified":"2022-10-31T19:17:00","modified_gmt":"2022-10-31T19:17:00","slug":"politicas-de-privacidad","status":"publish","type":"page","link":"https:\/\/tukandesigns.com\/en\/politicas-de-privacidad\/","title":{"rendered":"Pol\u00edticas de Privacidad"},"content":{"rendered":"\t\t<div data-elementor-type=\"wp-page\" data-elementor-id=\"2668\" class=\"elementor elementor-2668\">\n\t\t\t\t\t\t<section class=\"elementor-section elementor-top-section elementor-element elementor-element-2194ee2 elementor-section-height-min-height elementor-section-boxed elementor-section-height-default elementor-section-items-middle\" data-id=\"2194ee2\" data-element_type=\"section\" data-e-type=\"section\" data-settings=\"{&quot;background_background&quot;:&quot;classic&quot;,&quot;ekit_has_onepagescroll_dot&quot;:&quot;yes&quot;}\">\n\t\t\t\t\t\t\t<div class=\"elementor-background-overlay\"><\/div>\n\t\t\t\t\t\t\t<div class=\"elementor-container elementor-column-gap-default\">\n\t\t\t\t\t<div class=\"elementor-column elementor-col-100 elementor-top-column elementor-element elementor-element-5968e5b\" data-id=\"5968e5b\" data-element_type=\"column\" data-e-type=\"column\">\n\t\t\t<div class=\"elementor-widget-wrap elementor-element-populated\">\n\t\t\t\t\t\t<div class=\"elementor-element elementor-element-3885288 elementor-widget elementor-widget-heading\" data-id=\"3885288\" data-element_type=\"widget\" data-e-type=\"widget\" data-settings=\"{&quot;ekit_we_effect_on&quot;:&quot;none&quot;}\" data-widget_type=\"heading.default\">\n\t\t\t\t<div class=\"elementor-widget-container\">\n\t\t\t\t\t<h2 class=\"elementor-heading-title elementor-size-default\">Pol\u00edtica de Privacidad<\/h2>\t\t\t\t<\/div>\n\t\t\t\t<\/div>\n\t\t\t\t\t<\/div>\n\t\t<\/div>\n\t\t\t\t\t<\/div>\n\t\t<\/section>\n\t\t\t\t<section class=\"elementor-section elementor-top-section elementor-element elementor-element-c59cf60 elementor-section-boxed elementor-section-height-default elementor-section-height-default\" data-id=\"c59cf60\" data-element_type=\"section\" data-e-type=\"section\" data-settings=\"{&quot;ekit_has_onepagescroll_dot&quot;:&quot;yes&quot;}\">\n\t\t\t\t\t\t<div class=\"elementor-container elementor-column-gap-default\">\n\t\t\t\t\t<div class=\"elementor-column elementor-col-100 elementor-top-column elementor-element elementor-element-49932a4\" data-id=\"49932a4\" data-element_type=\"column\" data-e-type=\"column\">\n\t\t\t<div class=\"elementor-widget-wrap elementor-element-populated\">\n\t\t\t\t\t\t<div class=\"elementor-element elementor-element-672cb35 elementor-widget elementor-widget-text-editor\" data-id=\"672cb35\" data-element_type=\"widget\" data-e-type=\"widget\" data-settings=\"{&quot;ekit_we_effect_on&quot;:&quot;none&quot;}\" data-widget_type=\"text-editor.default\">\n\t\t\t\t<div class=\"elementor-widget-container\">\n\t\t\t\t\t\t\t\t\t<p>Esta pol\u00edtica de privacidad describe c\u00f3mo tukandesigns.myshopify.com recoge, utiliza y divulga su informaci\u00f3n personal cuando usted visita o realiza una compra en el sitio.<\/p><p>Contacte con<br \/>Despu\u00e9s de revisar esta pol\u00edtica, si tiene preguntas adicionales, quiere m\u00e1s informaci\u00f3n sobre nuestras pr\u00e1cticas de privacidad, o quiere presentar una queja, por favor p\u00f3ngase en contacto con nosotros por correo electr\u00f3nico en info@tukandesigns.com o por correo usando los detalles proporcionados a continuaci\u00f3n:<\/p><p>9722 Gaston Rd Suite #150-269, Katy Texas 77494, United States<\/p><p>Recogida de informaci\u00f3n personal<br \/>Cuando usted visita el Sitio, recogemos cierta informaci\u00f3n sobre su dispositivo, su interacci\u00f3n con el Sitio y la informaci\u00f3n necesaria para procesar sus compras. Tambi\u00e9n podemos recopilar informaci\u00f3n adicional si se pone en contacto con nosotros para solicitar asistencia al cliente. En esta Pol\u00edtica de Privacidad, nos referimos a cualquier informaci\u00f3n sobre un individuo identificable (incluyendo la informaci\u00f3n que aparece a continuaci\u00f3n) como \u00abInformaci\u00f3n Personal\u00bb. Consulte la siguiente lista para obtener m\u00e1s informaci\u00f3n sobre qu\u00e9 informaci\u00f3n personal recopilamos y por qu\u00e9.<\/p><p>Informaci\u00f3n sobre el dispositivo<br \/>Finalidad de la recopilaci\u00f3n: cargar el sitio con precisi\u00f3n para usted y realizar an\u00e1lisis sobre el uso del sitio para optimizarlo.<br \/>Fuente de recogida: Recogida autom\u00e1ticamente cuando usted accede a nuestro Sitio utilizando cookies, archivos de registro, balizas web, etiquetas o p\u00edxeles<br \/>Divulgaci\u00f3n con fines comerciales: compartida con nuestro procesador Shopify <br \/>Informaci\u00f3n personal recopilada: versi\u00f3n del navegador web, direcci\u00f3n IP, zona horaria, informaci\u00f3n sobre cookies, qu\u00e9 sitios o productos ve, t\u00e9rminos de b\u00fasqueda y c\u00f3mo interact\u00faa con el Sitio <br \/>Informaci\u00f3n del pedido<br \/>Finalidad de la recopilaci\u00f3n: proporcionarle productos o servicios para cumplir con nuestro contrato, procesar su informaci\u00f3n de pago, organizar el env\u00edo y proporcionarle facturas y\/o confirmaciones de pedidos, comunicarse con usted, examinar nuestros pedidos para detectar posibles riesgos o fraudes y, cuando est\u00e9 en consonancia con las preferencias que haya compartido con nosotros, proporcionarle informaci\u00f3n o publicidad relacionada con nuestros productos o servicios.<br \/>Fuente de recogida: recogida de usted.\u00a0<\/p><p>Informaci\u00f3n personal recopilada: nombre, direcci\u00f3n de facturaci\u00f3n, direcci\u00f3n de env\u00edo, informaci\u00f3n de pago (incluidos los n\u00fameros de las tarjetas de cr\u00e9dito), direcci\u00f3n de correo electr\u00f3nico y n\u00famero de tel\u00e9fono.<br \/>Informaci\u00f3n de atenci\u00f3n al cliente<br \/>Finalidad de la recogida:<br \/>Fuente de la recogida:<br \/>Divulgaci\u00f3n con fines comerciales:<br \/>Informaci\u00f3n personal recopilada: <br \/>Finalidad de la recogida: proporcionar asistencia al cliente.<br \/>Origen de la recogida: recogida de usted<br \/>Divulgaci\u00f3n con fines comerciales<br \/>Informaci\u00f3n personal recogida: <br \/>Menores de edad<br \/>El Sitio no est\u00e1 destinado a personas menores de 18 a\u00f1os. No recopilamos intencionadamente informaci\u00f3n personal de menores. Si usted es el padre o tutor y cree que su hijo nos ha proporcionado Informaci\u00f3n Personal, p\u00f3ngase en contacto con nosotros en la direcci\u00f3n indicada anteriormente para solicitar su eliminaci\u00f3n.<\/p><p>Compartir informaci\u00f3n personal<br \/>Compartimos su informaci\u00f3n personal con proveedores de servicios para ayudarnos a prestar nuestros servicios y cumplir nuestros contratos con usted, como se ha descrito anteriormente. Por ejemplo:<\/p><p>Utilizamos Shopify para impulsar nuestra tienda online. Puede leer m\u00e1s sobre c\u00f3mo Shopify utiliza su informaci\u00f3n personal aqu\u00ed: https:\/\/www.shopify.com\/legal\/privacy.<br \/>Podemos compartir su informaci\u00f3n personal para cumplir con las leyes y reglamentos aplicables, para responder a una citaci\u00f3n, orden de registro u otra solicitud legal de informaci\u00f3n que recibimos, o para proteger nuestros derechos.<br \/>Publicidad basada en el comportamiento<br \/>Tal y como se ha descrito anteriormente, utilizamos sus Datos Personales para ofrecerle anuncios o comunicaciones de marketing espec\u00edficas que creemos que pueden ser de su inter\u00e9s. Por ejemplo:<\/p><p>Utilizamos Google Analytics para ayudarnos a entender c\u00f3mo nuestros clientes utilizan el Sitio. Puede obtener m\u00e1s informaci\u00f3n sobre el uso que hace Google de su informaci\u00f3n personal aqu\u00ed: https:\/\/www.google.com\/intl\/en\/policies<\/p><p>Utilizamos Shopify Audiences para ayudarnos a mostrar anuncios en otros sitios web con nuestros socios publicitarios a los compradores que hicieron compras con otros comerciantes de Shopify y que tambi\u00e9n pueden estar interesados en lo que tenemos que ofrecer. Tambi\u00e9n compartimos informaci\u00f3n sobre su uso del Sitio, sus compras y la direcci\u00f3n de correo electr\u00f3nico asociada a sus compras con Shopify Audiences, a trav\u00e9s de la cual otros comerciantes de Shopify pueden hacer ofertas que pueden ser de su inter\u00e9s.<br \/>Para m\u00e1s informaci\u00f3n sobre c\u00f3mo funciona la publicidad dirigida, puede visitar la p\u00e1gina educativa de la Iniciativa de Publicidad en Red (\u00abNAI\u00bb) en https:\/\/www.networkadvertising.org\/understanding-online-advertising\/how-does-it-work.<\/p><p>Usted puede optar por no recibir publicidad dirigida en:<\/p><p>FACEBOOK &#8211; https:\/\/www.facebook.com\/settings\/?tab=ads<br \/>GOOGLE &#8211; https:\/\/www.google.com\/settings\/ads\/anonymous<br \/>BING &#8211; https:\/\/advertise.bingads.microsoft.com\/en-us\/resources\/policies\/personalized-ads]<br \/>Adem\u00e1s, puede excluirse de algunos de estos servicios visitando el portal de exclusi\u00f3n de la Digital Advertising Alliance en: https:\/\/optout.aboutads.info\/.<\/p><p>Uso de la informaci\u00f3n personal<br \/>Utilizamos su informaci\u00f3n personal para proporcionarle nuestros servicios, que incluyen: ofrecer productos para la venta, procesar los pagos, enviar y cumplir con su pedido, y mantenerle al d\u00eda sobre nuevos productos, servicios y ofertas.<\/p><p>Base legal<br \/>De conformidad con el Reglamento General de Protecci\u00f3n de Datos (\u00abRGPD\u00bb), si usted es residente del Espacio Econ\u00f3mico Europeo (\u00abEEE\u00bb), procesamos su informaci\u00f3n personal bajo las siguientes bases legales:<\/p><p>Su consentimiento;<br \/>La ejecuci\u00f3n del contrato entre usted y el Sitio;<br \/>El cumplimiento de nuestras obligaciones legales;<br \/>Para proteger sus intereses vitales;<\/p><p>\/privacy\/. Tambi\u00e9n puede excluirse de Google Analytics aqu\u00ed: https:\/\/tools.google.com\/dlpage\/gaoptout.<\/p><p>Para realizar una tarea de inter\u00e9s p\u00fablico;<br \/>Para nuestros intereses leg\u00edtimos, que no anulan sus derechos y libertades fundamentales.<br \/>Retenci\u00f3n<br \/>Cuando realice un pedido a trav\u00e9s del Sitio, conservaremos su informaci\u00f3n personal para nuestros registros, a menos que nos pida que la borremos. Para obtener m\u00e1s informaci\u00f3n sobre su derecho de cancelaci\u00f3n, consulte la secci\u00f3n \u00abSus derechos\u00bb m\u00e1s adelante.<\/p><p>Toma de decisiones autom\u00e1tica<br \/>Si reside en el EEE, tiene derecho a oponerse al tratamiento basado \u00fanicamente en la toma de decisiones automatizada (que incluye la elaboraci\u00f3n de perfiles), cuando dicha toma de decisiones tenga un efecto legal sobre usted o le afecte de forma significativa.<\/p><p>Nosotros [NO realizamos una toma de decisiones totalmente automatizada que tenga un efecto legal o que le afecte de forma significativa utilizando los datos del cliente.<\/p><p>Nuestro procesador Shopify utiliza una toma de decisiones automatizada limitada para prevenir el fraude que no tiene un efecto legal o significativo sobre usted.<\/p><p>Los servicios que incluyen elementos de toma de decisiones automatizada incluyen<\/p><p>Lista negra temporal de direcciones IP asociadas a repetidas transacciones fallidas. Esta lista negra persiste durante un peque\u00f1o n\u00famero de horas.<br \/>Lista negra temporal de tarjetas de cr\u00e9dito asociadas a direcciones IP en la lista negra. Esta lista negra persiste durante un peque\u00f1o n\u00famero de d\u00edas.<br \/>Sus derechos<br \/>GDPR<br \/>Si es usted residente en el EEE, tiene derecho a acceder a los datos personales que tenemos sobre usted, a trasladarlos a un nuevo servicio y a pedir que se corrijan, actualicen o eliminen sus datos personales. Si desea ejercer estos derechos, p\u00f3ngase en contacto con nosotros a trav\u00e9s de la informaci\u00f3n de contacto anterior.<\/p><p>Su informaci\u00f3n personal ser\u00e1 procesada inicialmente en Irlanda y luego ser\u00e1 transferida fuera de Europa para su almacenamiento y posterior procesamiento, incluyendo Canad\u00e1 y los Estados Unidos. Para m\u00e1s informaci\u00f3n<\/p><p>informaci\u00f3n sobre c\u00f3mo las transferencias de datos cumplen con el GDPR, consulte el Whitepaper de GDPR de Shopify: https:\/\/help.shopify.com\/en\/manual\/your-account\/privacy\/GDPR.<\/p><p>CCPA<br \/>Si usted es residente de California, tiene derecho a acceder a la Informaci\u00f3n Personal que tenemos sobre usted (tambi\u00e9n conocido como el \u00abDerecho a Saber\u00bb), a portarla a un nuevo servicio y a pedir que su Informaci\u00f3n Personal sea corregida, actualizada o borrada. Si desea ejercer estos derechos, p\u00f3ngase en contacto con nosotros a trav\u00e9s de la informaci\u00f3n de contacto anterior.<\/p><p>Si desea designar a un agente autorizado para que presente estas solicitudes en su nombre, p\u00f3ngase en contacto con nosotros en la direcci\u00f3n indicada anteriormente.<\/p><p>Cookies<br \/>Una cookie es una peque\u00f1a cantidad de informaci\u00f3n que se descarga en su ordenador o dispositivo cuando visita nuestro Sitio. Utilizamos diferentes cookies, incluyendo las funcionales, de rendimiento, de publicidad y de redes sociales o de contenido. Las cookies mejoran su experiencia de navegaci\u00f3n al permitir que el sitio web recuerde sus acciones y preferencias (como el inicio de sesi\u00f3n y la selecci\u00f3n de regi\u00f3n). Esto significa que no tiene que volver a introducir esta informaci\u00f3n cada vez que vuelva al sitio o navegue de una p\u00e1gina a otra. Las cookies tambi\u00e9n proporcionan informaci\u00f3n sobre la forma en que las personas utilizan el sitio web, por ejemplo, si es la primera vez que lo visitan o si son visitantes frecuentes.<\/p><p>Utilizamos las siguientes cookies para optimizar su experiencia en nuestro sitio y para prestar nuestros servicios.<\/p><p>[Aseg\u00farese de cotejar esta lista con la lista actual de cookies de Shopify en el escaparate del comerciante: https:\/\/www.shopify.com\/legal\/cookies ]<\/p><p>Cookies necesarias para el funcionamiento de la tienda<br \/>Nombre Funci\u00f3n Duraci\u00f3n<br \/>_ab Se utiliza en relaci\u00f3n con el acceso a la administraci\u00f3n. 2y<br \/>_secure_session_id Se utiliza en relaci\u00f3n con la navegaci\u00f3n a trav\u00e9s de la tienda. 24h<br \/>_shopify_country Utilizado en relaci\u00f3n con el pago. session<br \/>_shopify_m Se utiliza para gestionar la configuraci\u00f3n de privacidad del cliente. 1y<br \/>_shopify_tm Se utiliza para gestionar la configuraci\u00f3n de privacidad del cliente. 30min.<\/p><p>_shopify_tw Se utiliza para gestionar la configuraci\u00f3n de privacidad de los clientes. 2w<br \/>_storefront_u Se utiliza para facilitar la actualizaci\u00f3n de la informaci\u00f3n de la cuenta del cliente. 1min<br \/>_tracking_consent Preferencias de seguimiento. 1y<br \/>c Se utiliza en relaci\u00f3n con el pago. 1y<br \/>cart Se utiliza en relaci\u00f3n con la cesta de la compra. 2w<br \/>cart_currency Se utiliza en relaci\u00f3n con el carrito de la compra. 2w<br \/>cart_sig Utilizado en relaci\u00f3n con el proceso de compra. 2w<br \/>cart_ts Utilizado en relaci\u00f3n con el pago. 2w<br \/>cart_ver Se utiliza en relaci\u00f3n con la cesta de la compra. 2w<br \/>checkout Utilizado en relaci\u00f3n con el pago. 4w<br \/>checkout_token Utilizado en relaci\u00f3n con el pago. 1y<br \/>dynamic_checkout_shown_on_cart Usado en conexi\u00f3n con el checkout. 30min<br \/>hide_shopify_pay_for_checkout Usado en conexi\u00f3n con checkout. session<br \/>keep_alive Se utiliza en relaci\u00f3n con la localizaci\u00f3n del comprador. 2w<br \/>master_device_id Se utiliza en relaci\u00f3n con el inicio de sesi\u00f3n del comerciante. 2y<br \/>previous_step Se utiliza en relaci\u00f3n con el proceso de compra. 1y<br \/>remember_me Utilizado en relaci\u00f3n con el pago. 1y<br \/>secure_customer_sig Se utiliza en relaci\u00f3n con el inicio de sesi\u00f3n del cliente. 20y<br \/>shopify_pay Usado en conexi\u00f3n con el pago. 1y<br \/>shopify_pay_redirect Usado en conexi\u00f3n con el pago. 30 minutos, 3w o 1y dependiendo del valor<br \/>storefront_digest Se utiliza en relaci\u00f3n con el inicio de sesi\u00f3n del cliente. 2y<br \/>tracked_start_checkout Se utiliza en relaci\u00f3n con el pago. 1y<br \/>checkout_one_experiment Se utiliza en relaci\u00f3n con el pago. session<br \/>Informes y an\u00e1lisis<br \/>Nombre Funci\u00f3n Duraci\u00f3n<br \/>tracked_landing_page Seguimiento de las p\u00e1ginas de destino. 2w<br \/>_orig_referrer Seguimiento de las p\u00e1ginas de destino. 2w<br \/>_s Shopify analytics. 30min<\/p><p>_shopify_tw Se utiliza para gestionar la configuraci\u00f3n de privacidad de los clientes. 2w<br \/>_storefront_u Se utiliza para facilitar la actualizaci\u00f3n de la informaci\u00f3n de la cuenta del cliente. 1min<br \/>_tracking_consent Preferencias de seguimiento. 1y<br \/>c Se utiliza en relaci\u00f3n con el pago. 1y<br \/>cart Se utiliza en relaci\u00f3n con la cesta de la compra. 2w<br \/>cart_currency Se utiliza en relaci\u00f3n con el carrito de la compra. 2w<br \/>cart_sig Utilizado en relaci\u00f3n con el proceso de compra. 2w<br \/>cart_ts Utilizado en relaci\u00f3n con el pago. 2w<br \/>cart_ver Se utiliza en relaci\u00f3n con la cesta de la compra. 2w<br \/>checkout Utilizado en relaci\u00f3n con el pago. 4w<br \/>checkout_token Utilizado en relaci\u00f3n con el pago. 1y<br \/>dynamic_checkout_shown_on_cart Usado en conexi\u00f3n con el checkout. 30min<br \/>hide_shopify_pay_for_checkout Usado en conexi\u00f3n con checkout. session<br \/>keep_alive Se utiliza en relaci\u00f3n con la localizaci\u00f3n del comprador. 2w<br \/>master_device_id Se utiliza en relaci\u00f3n con el inicio de sesi\u00f3n del comerciante. 2y<br \/>previous_step Se utiliza en relaci\u00f3n con el proceso de compra. 1y<br \/>remember_me Utilizado en relaci\u00f3n con el pago. 1y<br \/>secure_customer_sig Se utiliza en relaci\u00f3n con el inicio de sesi\u00f3n del cliente. 20y<br \/>shopify_pay Usado en conexi\u00f3n con el pago. 1y<br \/>shopify_pay_redirect Usado en conexi\u00f3n con el pago. 30 minutos, 3w o 1y dependiendo del valor<br \/>storefront_digest Se utiliza en relaci\u00f3n con el inicio de sesi\u00f3n del cliente. 2y<br \/>tracked_start_checkout Se utiliza en relaci\u00f3n con el pago. 1y<br \/>checkout_one_experiment Se utiliza en relaci\u00f3n con el pago. session<br \/>Informes y an\u00e1lisis<br \/>Nombre Funci\u00f3n Duraci\u00f3n<br \/>tracked_landing_page Seguimiento de las p\u00e1ginas de destino. 2w<br \/>_orig_referrer Seguimiento de las p\u00e1ginas de destino. 2w<br \/>_s Shopify analytics. 30min.<\/p><p>Cambios<br \/>Es posible que actualicemos esta Pol\u00edtica de Privacidad de vez en cuando para reflejar, por ejemplo, cambios en nuestras pr\u00e1cticas o por otras razones operativas, legales o reglamentarias.<\/p><p>Reclamaciones<br \/>Como se ha indicado anteriormente, si desea presentar una queja, p\u00f3ngase en contacto con nosotros por correo electr\u00f3nico o por correo postal utilizando los datos indicados en el apartado \u00abContacto\u00bb.<\/p><p>Si no est\u00e1 satisfecho con nuestra respuesta a su queja, tiene derecho a presentarla ante la autoridad de protecci\u00f3n de datos correspondiente. Puede ponerse en contacto con su autoridad local de protecci\u00f3n de datos, o con nuestra autoridad supervisora aqu\u00ed: [A\u00f1ada la informaci\u00f3n de contacto o el sitio web de la autoridad de protecci\u00f3n de datos de su jurisdicci\u00f3n. Por ejemplo: https:\/\/ico.org.uk\/make-a-complaint\/]<\/p><p>\u00daltima actualizaci\u00f3n:13\/9\/2022<\/p>\t\t\t\t\t\t\t\t<\/div>\n\t\t\t\t<\/div>\n\t\t\t\t\t<\/div>\n\t\t<\/div>\n\t\t\t\t\t<\/div>\n\t\t<\/section>\n\t\t\t\t<\/div>\n\t\t","protected":false},"excerpt":{"rendered":"<p>Pol\u00edtica de Privacidad Esta pol\u00edtica de privacidad describe c\u00f3mo tukandesigns.myshopify.com recoge, utiliza y divulga su informaci\u00f3n personal cuando usted visita o realiza una compra en el sitio. Contacte conDespu\u00e9s de revisar esta pol\u00edtica, si tiene preguntas adicionales, quiere m\u00e1s informaci\u00f3n sobre nuestras pr\u00e1cticas de privacidad, o quiere presentar una queja, por favor p\u00f3ngase en contacto [&hellip;]<\/p>\n","protected":false},"author":1,"featured_media":0,"parent":0,"menu_order":0,"comment_status":"closed","ping_status":"closed","template":"","meta":{"site-sidebar-layout":"no-sidebar","site-content-layout":"page-builder","ast-site-content-layout":"default","site-content-style":"default","site-sidebar-style":"default","ast-global-header-display":"","ast-banner-title-visibility":"","ast-main-header-display":"","ast-hfb-above-header-display":"","ast-hfb-below-header-display":"","ast-hfb-mobile-header-display":"","site-post-title":"disabled","ast-breadcrumbs-content":"","ast-featured-img":"disabled","footer-sml-layout":"","ast-disable-related-posts":"","theme-transparent-header-meta":"","adv-header-id-meta":"","stick-header-meta":"","header-above-stick-meta":"","header-main-stick-meta":"","header-below-stick-meta":"","astra-migrate-meta-layouts":"default","ast-page-background-enabled":"default","ast-page-background-meta":{"desktop":{"background-color":"var(--ast-global-color-4)","background-image":"","background-repeat":"repeat","background-position":"center center","background-size":"auto","background-attachment":"scroll","background-type":"","background-media":"","overlay-type":"","overlay-color":"","overlay-opacity":"","overlay-gradient":""},"tablet":{"background-color":"","background-image":"","background-repeat":"repeat","background-position":"center center","background-size":"auto","background-attachment":"scroll","background-type":"","background-media":"","overlay-type":"","overlay-color":"","overlay-opacity":"","overlay-gradient":""},"mobile":{"background-color":"","background-image":"","background-repeat":"repeat","background-position":"center center","background-size":"auto","background-attachment":"scroll","background-type":"","background-media":"","overlay-type":"","overlay-color":"","overlay-opacity":"","overlay-gradient":""}},"ast-content-background-meta":{"desktop":{"background-color":"var(--ast-global-color-5)","background-image":"","background-repeat":"repeat","background-position":"center center","background-size":"auto","background-attachment":"scroll","background-type":"","background-media":"","overlay-type":"","overlay-color":"","overlay-opacity":"","overlay-gradient":""},"tablet":{"background-color":"var(--ast-global-color-5)","background-image":"","background-repeat":"repeat","background-position":"center center","background-size":"auto","background-attachment":"scroll","background-type":"","background-media":"","overlay-type":"","overlay-color":"","overlay-opacity":"","overlay-gradient":""},"mobile":{"background-color":"var(--ast-global-color-5)","background-image":"","background-repeat":"repeat","background-position":"center center","background-size":"auto","background-attachment":"scroll","background-type":"","background-media":"","overlay-type":"","overlay-color":"","overlay-opacity":"","overlay-gradient":""}},"footnotes":""},"class_list":["post-2668","page","type-page","status-publish","hentry"],"_links":{"self":[{"href":"https:\/\/tukandesigns.com\/en\/wp-json\/wp\/v2\/pages\/2668","targetHints":{"allow":["GET"]}}],"collection":[{"href":"https:\/\/tukandesigns.com\/en\/wp-json\/wp\/v2\/pages"}],"about":[{"href":"https:\/\/tukandesigns.com\/en\/wp-json\/wp\/v2\/types\/page"}],"author":[{"embeddable":true,"href":"https:\/\/tukandesigns.com\/en\/wp-json\/wp\/v2\/users\/1"}],"replies":[{"embeddable":true,"href":"https:\/\/tukandesigns.com\/en\/wp-json\/wp\/v2\/comments?post=2668"}],"version-history":[{"count":10,"href":"https:\/\/tukandesigns.com\/en\/wp-json\/wp\/v2\/pages\/2668\/revisions"}],"predecessor-version":[{"id":3732,"href":"https:\/\/tukandesigns.com\/en\/wp-json\/wp\/v2\/pages\/2668\/revisions\/3732"}],"wp:attachment":[{"href":"https:\/\/tukandesigns.com\/en\/wp-json\/wp\/v2\/media?parent=2668"}],"curies":[{"name":"wp","href":"https:\/\/api.w.org\/{rel}","templated":true}]}}