{"id":2652,"date":"2022-09-18T02:14:50","date_gmt":"2022-09-18T02:14:50","guid":{"rendered":"https:\/\/tukandesigns.com\/?page_id=2652"},"modified":"2022-09-29T16:15:00","modified_gmt":"2022-09-29T16:15:00","slug":"politica-de-devoluciones","status":"publish","type":"page","link":"https:\/\/tukandesigns.com\/en\/politica-de-devoluciones\/","title":{"rendered":"Returns Policy"},"content":{"rendered":"<div data-elementor-type=\"wp-page\" data-elementor-id=\"2652\" class=\"elementor elementor-2652\">\n\t\t\t\t\t\t<section class=\"elementor-section elementor-top-section elementor-element elementor-element-af029d0 elementor-section-height-min-height elementor-section-boxed elementor-section-height-default elementor-section-items-middle\" data-id=\"af029d0\" data-element_type=\"section\" data-e-type=\"section\" data-settings=\"{&quot;background_background&quot;:&quot;classic&quot;,&quot;ekit_has_onepagescroll_dot&quot;:&quot;yes&quot;}\">\n\t\t\t\t\t\t\t<div class=\"elementor-background-overlay\"><\/div>\n\t\t\t\t\t\t\t<div class=\"elementor-container elementor-column-gap-default\">\n\t\t\t\t\t<div class=\"elementor-column elementor-col-100 elementor-top-column elementor-element elementor-element-3aa8030\" data-id=\"3aa8030\" data-element_type=\"column\" data-e-type=\"column\">\n\t\t\t<div class=\"elementor-widget-wrap elementor-element-populated\">\n\t\t\t\t\t\t<div class=\"elementor-element elementor-element-3c411d5 elementor-widget elementor-widget-heading\" data-id=\"3c411d5\" data-element_type=\"widget\" data-e-type=\"widget\" data-settings=\"{&quot;ekit_we_effect_on&quot;:&quot;none&quot;}\" data-widget_type=\"heading.default\">\n\t\t\t\t<div class=\"elementor-widget-container\">\n\t\t\t\t\t<h2 class=\"elementor-heading-title elementor-size-default\">Returns Policy<\/h2>\t\t\t\t<\/div>\n\t\t\t\t<\/div>\n\t\t\t\t\t<\/div>\n\t\t<\/div>\n\t\t\t\t\t<\/div>\n\t\t<\/section>\n\t\t\t\t<section class=\"elementor-section elementor-top-section elementor-element elementor-element-c884d8d elementor-section-boxed elementor-section-height-default elementor-section-height-default\" data-id=\"c884d8d\" data-element_type=\"section\" data-e-type=\"section\" data-settings=\"{&quot;ekit_has_onepagescroll_dot&quot;:&quot;yes&quot;}\">\n\t\t\t\t\t\t<div class=\"elementor-container elementor-column-gap-default\">\n\t\t\t\t\t<div class=\"elementor-column elementor-col-100 elementor-top-column elementor-element elementor-element-df8b1dd\" data-id=\"df8b1dd\" data-element_type=\"column\" data-e-type=\"column\">\n\t\t\t<div class=\"elementor-widget-wrap elementor-element-populated\">\n\t\t\t\t\t\t<div class=\"elementor-element elementor-element-8a6a61c elementor-widget elementor-widget-text-editor\" data-id=\"8a6a61c\" data-element_type=\"widget\" data-e-type=\"widget\" data-settings=\"{&quot;ekit_we_effect_on&quot;:&quot;none&quot;}\" data-widget_type=\"text-editor.default\">\n\t\t\t\t<div class=\"elementor-widget-container\">\n\t\t\t\t\t\t\t\t\t<h2 id=\"store-name-refund-policy\"><span style=\"color: #8ad43f;\" data-sanitized-data-mce-style=\"color: #8ad43f;\">TUKAN DESIGNS Pol\u00edticas de Devoluciones<\/span><\/h2><p>Tenemos una pol\u00edtica de devoluci\u00f3n de 30 d\u00edas, lo que significa que tienes hasta 30 d\u00edas despu\u00e9s de recibir tu art\u00edculo para solicitar una devoluci\u00f3n.<\/p><p>Para ser elegible para una devoluci\u00f3n, su art\u00edculo debe estar en las mismas condiciones en que lo recibi\u00f3; sin lavar, sin usar, con las etiquetas de precio adjuntas y un recibo impreso con su embalaje original. Todas las devoluciones est\u00e1n sujetas a la verificaci\u00f3n de la venta original, y nos reservamos el derecho de limitar las devoluciones.<\/p><p><br \/>Te notificaremos una vez que hayamos recibido e inspeccionado tu devoluci\u00f3n, y te haremos saber si el reembolso fue aprobado o no. Si su devoluci\u00f3n es aceptada, se le reembolsar\u00e1 a trav\u00e9s del m\u00e9todo de pago original en un plazo de 10 d\u00edas h\u00e1biles. Si su devoluci\u00f3n es aceptada, le enviaremos una etiqueta de env\u00edo de devoluci\u00f3n, as\u00ed como instrucciones sobre c\u00f3mo y d\u00f3nde enviar su paquete. Por favor, tenga en cuenta que se deducir\u00e1 una tasa de 6,95 d\u00f3lares por gastos de env\u00edo del pago original.<\/p><p>No se aceptar\u00e1n art\u00edculos enviados de vuelta a nosotros sin solicitar primero una devoluci\u00f3n. <br \/>Por favor, env\u00ede las devoluciones a: 9722 Gaston Rd Suite #150-269, Katy Texas 77494, Estados Unidos<br \/>Por favor, tenga en cuenta que su banco o compa\u00f1\u00eda de tarjeta de cr\u00e9dito puede tardar alg\u00fan tiempo en procesar y contabilizar el reembolso en su cuenta. Si han pasado 15 d\u00edas h\u00e1biles desde que hemos aprobado su devoluci\u00f3n, por favor, p\u00f3ngase en contacto con nosotros en info@tukandesigns.com.<\/p><p><br \/>Si tiene m\u00e1s preguntas o dudas sobre las devoluciones, env\u00ede un correo electr\u00f3nico a info@tukandesigns.com<\/p><p>Da\u00f1os y problemas<br \/>Por favor, inspeccione su pedido al recibirlo y p\u00f3ngase en contacto con nosotros inmediatamente si el art\u00edculo est\u00e1 defectuoso, da\u00f1ado o si recibe el art\u00edculo equivocado, para que podamos evaluar el problema y solucionarlo.<\/p><p><br \/>Cambios<br \/>La forma m\u00e1s r\u00e1pida de asegurarse de obtener lo que desea es devolver el art\u00edculo que tiene y, una vez aceptada la devoluci\u00f3n, hacer una compra por separado del nuevo art\u00edculo.<\/p><p><br \/>Periodo de reflexi\u00f3n de 14 d\u00edas en la Uni\u00f3n Europea<br \/>No obstante lo anterior, si la mercanc\u00eda se env\u00eda a la Uni\u00f3n Europea, tienes derecho a cancelar o devolver tu pedido en un plazo de 14 d\u00edas, por cualquier motivo y sin necesidad de justificaci\u00f3n. Al igual que en el caso anterior, el art\u00edculo debe estar en las mismas condiciones en que lo recibiste, sin usar, con las etiquetas y en su embalaje original. Tambi\u00e9n necesitar\u00e1s el recibo o la prueba de compra.<\/p><p><br \/>Reembolsos<br \/>Te notificaremos una vez que hayamos recibido e inspeccionado tu devoluci\u00f3n, y te haremos saber si el reembolso ha sido aprobado o no. Si se aprueba, se le reembolsar\u00e1 autom\u00e1ticamente en su m\u00e9todo de pago original en un plazo de 10 d\u00edas laborables. Recuerde que su banco o la compa\u00f1\u00eda de la tarjeta de cr\u00e9dito puede tardar alg\u00fan tiempo en procesar y contabilizar el reembolso.<br \/>Si han pasado m\u00e1s de 15 d\u00edas h\u00e1biles desde que aprobamos tu devoluci\u00f3n, ponte en contacto con nosotros de inmediato en info@tukandesigns.com.<\/p><p><br \/><br \/><\/p><p>\u00a0<\/p><p>\u00a0<\/p>\t\t\t\t\t\t\t\t<\/div>\n\t\t\t\t<\/div>\n\t\t\t\t\t<\/div>\n\t\t<\/div>\n\t\t\t\t\t<\/div>\n\t\t<\/section>\n\t\t\t\t<\/div>","protected":false},"excerpt":{"rendered":"<p>Pol\u00edtica de Devoluciones TUKAN DESIGNS Pol\u00edticas de Devoluciones Tenemos una pol\u00edtica de devoluci\u00f3n de 30 d\u00edas, lo que significa que tienes hasta 30 d\u00edas despu\u00e9s de recibir tu art\u00edculo para solicitar una devoluci\u00f3n. Para ser elegible para una devoluci\u00f3n, su art\u00edculo debe estar en las mismas condiciones en que lo recibi\u00f3; sin lavar, sin usar, [&hellip;]<\/p>\n","protected":false},"author":1,"featured_media":0,"parent":0,"menu_order":0,"comment_status":"closed","ping_status":"closed","template":"","meta":{"site-sidebar-layout":"no-sidebar","site-content-layout":"page-builder","ast-site-content-layout":"default","site-content-style":"default","site-sidebar-style":"default","ast-global-header-display":"","ast-banner-title-visibility":"","ast-main-header-display":"","ast-hfb-above-header-display":"","ast-hfb-below-header-display":"","ast-hfb-mobile-header-display":"","site-post-title":"disabled","ast-breadcrumbs-content":"","ast-featured-img":"disabled","footer-sml-layout":"","ast-disable-related-posts":"","theme-transparent-header-meta":"","adv-header-id-meta":"","stick-header-meta":"","header-above-stick-meta":"","header-main-stick-meta":"","header-below-stick-meta":"","astra-migrate-meta-layouts":"default","ast-page-background-enabled":"default","ast-page-background-meta":{"desktop":{"background-color":"var(--ast-global-color-4)","background-image":"","background-repeat":"repeat","background-position":"center center","background-size":"auto","background-attachment":"scroll","background-type":"","background-media":"","overlay-type":"","overlay-color":"","overlay-opacity":"","overlay-gradient":""},"tablet":{"background-color":"","background-image":"","background-repeat":"repeat","background-position":"center center","background-size":"auto","background-attachment":"scroll","background-type":"","background-media":"","overlay-type":"","overlay-color":"","overlay-opacity":"","overlay-gradient":""},"mobile":{"background-color":"","background-image":"","background-repeat":"repeat","background-position":"center center","background-size":"auto","background-attachment":"scroll","background-type":"","background-media":"","overlay-type":"","overlay-color":"","overlay-opacity":"","overlay-gradient":""}},"ast-content-background-meta":{"desktop":{"background-color":"var(--ast-global-color-5)","background-image":"","background-repeat":"repeat","background-position":"center center","background-size":"auto","background-attachment":"scroll","background-type":"","background-media":"","overlay-type":"","overlay-color":"","overlay-opacity":"","overlay-gradient":""},"tablet":{"background-color":"var(--ast-global-color-5)","background-image":"","background-repeat":"repeat","background-position":"center center","background-size":"auto","background-attachment":"scroll","background-type":"","background-media":"","overlay-type":"","overlay-color":"","overlay-opacity":"","overlay-gradient":""},"mobile":{"background-color":"var(--ast-global-color-5)","background-image":"","background-repeat":"repeat","background-position":"center center","background-size":"auto","background-attachment":"scroll","background-type":"","background-media":"","overlay-type":"","overlay-color":"","overlay-opacity":"","overlay-gradient":""}},"footnotes":""},"class_list":["post-2652","page","type-page","status-publish","hentry"],"_links":{"self":[{"href":"https:\/\/tukandesigns.com\/en\/wp-json\/wp\/v2\/pages\/2652","targetHints":{"allow":["GET"]}}],"collection":[{"href":"https:\/\/tukandesigns.com\/en\/wp-json\/wp\/v2\/pages"}],"about":[{"href":"https:\/\/tukandesigns.com\/en\/wp-json\/wp\/v2\/types\/page"}],"author":[{"embeddable":true,"href":"https:\/\/tukandesigns.com\/en\/wp-json\/wp\/v2\/users\/1"}],"replies":[{"embeddable":true,"href":"https:\/\/tukandesigns.com\/en\/wp-json\/wp\/v2\/comments?post=2652"}],"version-history":[{"count":13,"href":"https:\/\/tukandesigns.com\/en\/wp-json\/wp\/v2\/pages\/2652\/revisions"}],"predecessor-version":[{"id":2692,"href":"https:\/\/tukandesigns.com\/en\/wp-json\/wp\/v2\/pages\/2652\/revisions\/2692"}],"wp:attachment":[{"href":"https:\/\/tukandesigns.com\/en\/wp-json\/wp\/v2\/media?parent=2652"}],"curies":[{"name":"wp","href":"https:\/\/api.w.org\/{rel}","templated":true}]}}